{"id":2014,"date":"2020-05-08T06:54:27","date_gmt":"2020-05-08T06:54:27","guid":{"rendered":"http:\/\/localhost\/theratio\/?page_id=2014"},"modified":"2024-10-03T14:12:16","modified_gmt":"2024-10-03T17:12:16","slug":"contacto","status":"publish","type":"page","link":"https:\/\/skyterra.com.ar\/?page_id=2014","title":{"rendered":"Contacto"},"content":{"rendered":"\t\t<div data-elementor-type=\"wp-page\" data-elementor-id=\"2014\" class=\"elementor elementor-2014\">\n\t\t\t\t\t\t<section class=\"elementor-section elementor-top-section elementor-element elementor-element-3492446 elementor-section-content-middle elementor-section-boxed elementor-section-height-default elementor-section-height-default\" data-id=\"3492446\" data-element_type=\"section\" data-e-type=\"section\" data-settings=\"{&quot;background_background&quot;:&quot;classic&quot;}\">\n\t\t\t\t\t\t<div class=\"elementor-container elementor-column-gap-extended\">\n\t\t\t\t\t<div class=\"elementor-column elementor-col-50 elementor-top-column elementor-element elementor-element-c8de834 columna-izq ot-flex-column-vertical\" data-id=\"c8de834\" data-element_type=\"column\" data-e-type=\"column\" data-settings=\"{&quot;background_background&quot;:&quot;classic&quot;}\">\n\t\t\t<div class=\"elementor-widget-wrap elementor-element-populated\">\n\t\t\t\t\t\t<div class=\"elementor-element elementor-element-7784e75 elementor-widget elementor-widget-heading\" data-id=\"7784e75\" data-element_type=\"widget\" data-e-type=\"widget\" data-widget_type=\"heading.default\">\n\t\t\t\t<div class=\"elementor-widget-container\">\n\t\t\t\t\t<h2 class=\"elementor-heading-title elementor-size-large\">Contactate con nosotros<\/h2>\t\t\t\t<\/div>\n\t\t\t\t<\/div>\n\t\t\t\t<div class=\"elementor-element elementor-element-2bc0966 elementor-widget elementor-widget-shortcode\" data-id=\"2bc0966\" data-element_type=\"widget\" data-e-type=\"widget\" data-widget_type=\"shortcode.default\">\n\t\t\t\t<div class=\"elementor-widget-container\">\n\t\t\t\t\t\t\t<div class=\"elementor-shortcode\">[contact-form-7 id=\"5\" title=\"Contact form 1\"]<\/div>\n\t\t\t\t\t\t<\/div>\n\t\t\t\t<\/div>\n\t\t\t\t\t<\/div>\n\t\t<\/div>\n\t\t\t\t<div class=\"elementor-column elementor-col-50 elementor-top-column elementor-element elementor-element-131457d column-der ot-flex-column-vertical\" data-id=\"131457d\" data-element_type=\"column\" data-e-type=\"column\" data-settings=\"{&quot;background_background&quot;:&quot;classic&quot;}\">\n\t\t\t<div class=\"elementor-widget-wrap elementor-element-populated\">\n\t\t\t\t\t\t<div class=\"elementor-element elementor-element-6942fc6 elementor-widget elementor-widget-icontact_info\" data-id=\"6942fc6\" data-element_type=\"widget\" data-e-type=\"widget\" data-widget_type=\"icontact_info.default\">\n\t\t\t\t<div class=\"elementor-widget-container\">\n\t\t\t\t\t\t    \t<div class=\"contact-info\">\r\n\t\t        \t\t\t    \r\n\t\t\t    \t\t        <i class=\"ot-flaticon-place\"><\/i>\r\n\t\t        <div class=\"info-text\">\r\n\t\t        \t<h6>OFICINAS:<\/h6>\t\t        \t<p>Colectora Este Ramal Escobar 2051, B1623 Bel\u00e9n de Escobar, Provincia de Buenos Aires.\n<br>\n<br>\n Departamento 35 Piso 3, Puertos del Lago  Escobar.\n<br><br>\nEdificio Sky Class 3, Of. 204, Pilar. \n<br> <br>\n\nAv. Espa\u00f1a 1811 esq Rep\u00fablica Dominicana. Barrio Jara, Asunci\u00f3n. Paraguay<\/p>\t\t        <\/div>\r\n\t\t    <\/div>\r\n\t    \t\t\t\t<\/div>\n\t\t\t\t<\/div>\n\t\t\t\t<div class=\"elementor-element elementor-element-1e04d08 elementor-widget elementor-widget-icontact_info\" data-id=\"1e04d08\" data-element_type=\"widget\" data-e-type=\"widget\" data-widget_type=\"icontact_info.default\">\n\t\t\t\t<div class=\"elementor-widget-container\">\n\t\t\t\t\t\t    \t<div class=\"contact-info\">\r\n\t\t        \t\t\t    \r\n\t\t\t    \t\t        <i class=\"ot-flaticon-mail\"><\/i>\r\n\t\t        <div class=\"info-text\">\r\n\t\t        \t<h6>E-MAIL:<\/h6>\t\t        \t<p><a href=\"mailto:tuproyecto@skyterra.com.ar\">tuproyecto@skyterra.com.ar<\/a><\/p>\t\t        <\/div>\r\n\t\t    <\/div>\r\n\t    \t\t\t\t<\/div>\n\t\t\t\t<\/div>\n\t\t\t\t<div class=\"elementor-element elementor-element-0fecad6 elementor-widget elementor-widget-icontact_info\" data-id=\"0fecad6\" data-element_type=\"widget\" data-e-type=\"widget\" data-widget_type=\"icontact_info.default\">\n\t\t\t\t<div class=\"elementor-widget-container\">\n\t\t\t\t\t\t    \t<div class=\"contact-info\">\r\n\t\t        \t\t\t    \r\n\t\t\t    \t\t        <i class=\"ot-flaticon-phone-call\"><\/i>\r\n\t\t        <div class=\"info-text\">\r\n\t\t        \t<h6>TEL\u00c9FONOS<\/h6>\t\t        \t<p><a href=\"tel:5491166611425\">54 9 11 6661-1425<\/a><\/br> \n<\/p>\t\t        <\/div>\r\n\t\t    <\/div>\r\n\t    \t\t\t\t<\/div>\n\t\t\t\t<\/div>\n\t\t\t\t<div class=\"elementor-element elementor-element-6d3148f e-grid-align-left elementor-shape-rounded elementor-grid-0 elementor-widget elementor-widget-social-icons\" data-id=\"6d3148f\" data-element_type=\"widget\" data-e-type=\"widget\" data-widget_type=\"social-icons.default\">\n\t\t\t\t<div class=\"elementor-widget-container\">\n\t\t\t\t\t\t\t<div class=\"elementor-social-icons-wrapper elementor-grid\" role=\"list\">\n\t\t\t\t\t\t\t<span class=\"elementor-grid-item\" role=\"listitem\">\n\t\t\t\t\t<a class=\"elementor-icon elementor-social-icon elementor-social-icon-facebook-f elementor-repeater-item-030f11b\" href=\"https:\/\/www.facebook.com\/skyterrasrl?btn=contacto_facebook\" target=\"_blank\">\n\t\t\t\t\t\t<span class=\"elementor-screen-only\">Facebook-f<\/span>\n\t\t\t\t\t\t<i aria-hidden=\"true\" class=\"fab fa-facebook-f\"><\/i>\t\t\t\t\t<\/a>\n\t\t\t\t<\/span>\n\t\t\t\t\t\t\t<span class=\"elementor-grid-item\" role=\"listitem\">\n\t\t\t\t\t<a class=\"elementor-icon elementor-social-icon elementor-social-icon-instagram elementor-repeater-item-b977f7f\" href=\"https:\/\/www.instagram.com\/skyterra_\/?btn=contacto_facebook\" target=\"_blank\">\n\t\t\t\t\t\t<span class=\"elementor-screen-only\">Instagram<\/span>\n\t\t\t\t\t\t<i aria-hidden=\"true\" class=\"fab fa-instagram\"><\/i>\t\t\t\t\t<\/a>\n\t\t\t\t<\/span>\n\t\t\t\t\t<\/div>\n\t\t\t\t\t\t<\/div>\n\t\t\t\t<\/div>\n\t\t\t\t\t<\/div>\n\t\t<\/div>\n\t\t\t\t\t<\/div>\n\t\t<\/section>\n\t\t\t\t<section class=\"elementor-section elementor-top-section elementor-element elementor-element-1c7707d elementor-section-full_width elementor-section-height-default elementor-section-height-default\" data-id=\"1c7707d\" data-element_type=\"section\" data-e-type=\"section\">\n\t\t\t\t\t\t<div class=\"elementor-container elementor-column-gap-default\">\n\t\t\t\t\t<div class=\"elementor-column elementor-col-100 elementor-top-column elementor-element elementor-element-3972b22 ot-flex-column-vertical\" data-id=\"3972b22\" data-element_type=\"column\" data-e-type=\"column\">\n\t\t\t<div class=\"elementor-widget-wrap elementor-element-populated\">\n\t\t\t\t\t\t<div class=\"elementor-element elementor-element-d0a39be elementor-widget elementor-widget-google_maps\" data-id=\"d0a39be\" data-element_type=\"widget\" data-e-type=\"widget\" data-widget_type=\"google_maps.default\">\n\t\t\t\t<div class=\"elementor-widget-container\">\n\t\t\t\t\t\t\t<div class=\"elementor-custom-embed\">\n\t\t\t<iframe loading=\"lazy\"\n\t\t\t\t\tsrc=\"https:\/\/maps.google.com\/maps?q=Colectora%20Este%20Ramal%20Escobar%202051&#038;t=m&#038;z=13&#038;output=embed&#038;iwloc=near\"\n\t\t\t\t\ttitle=\"Colectora Este Ramal Escobar 2051\"\n\t\t\t\t\taria-label=\"Colectora Este Ramal Escobar 2051\"\n\t\t\t><\/iframe>\n\t\t<\/div>\n\t\t\t\t\t\t<\/div>\n\t\t\t\t<\/div>\n\t\t\t\t\t<\/div>\n\t\t<\/div>\n\t\t\t\t\t<\/div>\n\t\t<\/section>\n\t\t\t\t<\/div>\n\t\t","protected":false},"excerpt":{"rendered":"<p>Contactate con nosotros [contact-form-7 id=&#8221;5&#8243; title=&#8221;Contact form 1&#8243;] OFICINAS: Colectora Este Ramal Escobar 2051, B1623 Bel\u00e9n de Escobar, Provincia de Buenos Aires. Departamento 35 Piso 3, Puertos del Lago Escobar. Edificio Sky Class 3, Of. 204, Pilar. Av. Espa\u00f1a 1811 esq Rep\u00fablica Dominicana. Barrio Jara, Asunci\u00f3n. Paraguay E-MAIL: tuproyecto@skyterra.com.ar TEL\u00c9FONOS 54 9 11 6661-1425 Facebook-f [&hellip;]<\/p>\n","protected":false},"author":2,"featured_media":0,"parent":0,"menu_order":0,"comment_status":"closed","ping_status":"closed","template":"","meta":{"footnotes":""},"class_list":["post-2014","page","type-page","status-publish","hentry"],"yoast_head":"<!-- This site is optimized with the Yoast SEO plugin v27.5 - https:\/\/yoast.com\/product\/yoast-seo-wordpress\/ -->\n<title>Contacto - Skyterra<\/title>\n<meta name=\"robots\" content=\"index, follow, max-snippet:-1, max-image-preview:large, max-video-preview:-1\" \/>\n<link rel=\"canonical\" href=\"https:\/\/skyterra.com.ar\/?page_id=2014\" \/>\n<meta property=\"og:locale\" content=\"en_US\" \/>\n<meta property=\"og:type\" content=\"article\" \/>\n<meta property=\"og:title\" content=\"Contacto - Skyterra\" \/>\n<meta property=\"og:description\" content=\"Contactate con nosotros [contact-form-7 id=&#8221;5&#8243; title=&#8221;Contact form 1&#8243;] OFICINAS: Colectora Este Ramal Escobar 2051, B1623 Bel\u00e9n de Escobar, Provincia de Buenos Aires. Departamento 35 Piso 3, Puertos del Lago Escobar. Edificio Sky Class 3, Of. 204, Pilar. Av. Espa\u00f1a 1811 esq Rep\u00fablica Dominicana. Barrio Jara, Asunci\u00f3n. Paraguay E-MAIL: tuproyecto@skyterra.com.ar TEL\u00c9FONOS 54 9 11 6661-1425 Facebook-f [&hellip;]\" \/>\n<meta property=\"og:url\" content=\"https:\/\/skyterra.com.ar\/?page_id=2014\" \/>\n<meta property=\"og:site_name\" content=\"Skyterra\" \/>\n<meta property=\"article:publisher\" content=\"https:\/\/www.facebook.com\/skyterrasrl\" \/>\n<meta property=\"article:modified_time\" content=\"2024-10-03T17:12:16+00:00\" \/>\n<meta name=\"twitter:card\" content=\"summary_large_image\" \/>\n<meta name=\"twitter:label1\" content=\"Est. reading time\" \/>\n\t<meta name=\"twitter:data1\" content=\"1 minute\" \/>\n<script type=\"application\/ld+json\" class=\"yoast-schema-graph\">{\"@context\":\"https:\\\/\\\/schema.org\",\"@graph\":[{\"@type\":\"WebPage\",\"@id\":\"https:\\\/\\\/skyterra.com.ar\\\/?page_id=2014\",\"url\":\"https:\\\/\\\/skyterra.com.ar\\\/?page_id=2014\",\"name\":\"Contacto - Skyterra\",\"isPartOf\":{\"@id\":\"https:\\\/\\\/skyterra.com.ar\\\/#website\"},\"datePublished\":\"2020-05-08T06:54:27+00:00\",\"dateModified\":\"2024-10-03T17:12:16+00:00\",\"breadcrumb\":{\"@id\":\"https:\\\/\\\/skyterra.com.ar\\\/?page_id=2014#breadcrumb\"},\"inLanguage\":\"en-US\",\"potentialAction\":[{\"@type\":\"ReadAction\",\"target\":[\"https:\\\/\\\/skyterra.com.ar\\\/?page_id=2014\"]}]},{\"@type\":\"BreadcrumbList\",\"@id\":\"https:\\\/\\\/skyterra.com.ar\\\/?page_id=2014#breadcrumb\",\"itemListElement\":[{\"@type\":\"ListItem\",\"position\":1,\"name\":\"Inicio\",\"item\":\"https:\\\/\\\/skyterra.com.ar\\\/\"},{\"@type\":\"ListItem\",\"position\":2,\"name\":\"Contacto\"}]},{\"@type\":\"WebSite\",\"@id\":\"https:\\\/\\\/skyterra.com.ar\\\/#website\",\"url\":\"https:\\\/\\\/skyterra.com.ar\\\/\",\"name\":\"Skyterra\",\"description\":\"Arquitectura + Construcci\u00f3n\",\"potentialAction\":[{\"@type\":\"SearchAction\",\"target\":{\"@type\":\"EntryPoint\",\"urlTemplate\":\"https:\\\/\\\/skyterra.com.ar\\\/?s={search_term_string}\"},\"query-input\":{\"@type\":\"PropertyValueSpecification\",\"valueRequired\":true,\"valueName\":\"search_term_string\"}}],\"inLanguage\":\"en-US\"}]}<\/script>\n<!-- \/ Yoast SEO plugin. -->","yoast_head_json":{"title":"Contacto - Skyterra","robots":{"index":"index","follow":"follow","max-snippet":"max-snippet:-1","max-image-preview":"max-image-preview:large","max-video-preview":"max-video-preview:-1"},"canonical":"https:\/\/skyterra.com.ar\/?page_id=2014","og_locale":"en_US","og_type":"article","og_title":"Contacto - Skyterra","og_description":"Contactate con nosotros [contact-form-7 id=&#8221;5&#8243; title=&#8221;Contact form 1&#8243;] OFICINAS: Colectora Este Ramal Escobar 2051, B1623 Bel\u00e9n de Escobar, Provincia de Buenos Aires. Departamento 35 Piso 3, Puertos del Lago Escobar. Edificio Sky Class 3, Of. 204, Pilar. Av. Espa\u00f1a 1811 esq Rep\u00fablica Dominicana. Barrio Jara, Asunci\u00f3n. Paraguay E-MAIL: tuproyecto@skyterra.com.ar TEL\u00c9FONOS 54 9 11 6661-1425 Facebook-f [&hellip;]","og_url":"https:\/\/skyterra.com.ar\/?page_id=2014","og_site_name":"Skyterra","article_publisher":"https:\/\/www.facebook.com\/skyterrasrl","article_modified_time":"2024-10-03T17:12:16+00:00","twitter_card":"summary_large_image","twitter_misc":{"Est. reading time":"1 minute"},"schema":{"@context":"https:\/\/schema.org","@graph":[{"@type":"WebPage","@id":"https:\/\/skyterra.com.ar\/?page_id=2014","url":"https:\/\/skyterra.com.ar\/?page_id=2014","name":"Contacto - Skyterra","isPartOf":{"@id":"https:\/\/skyterra.com.ar\/#website"},"datePublished":"2020-05-08T06:54:27+00:00","dateModified":"2024-10-03T17:12:16+00:00","breadcrumb":{"@id":"https:\/\/skyterra.com.ar\/?page_id=2014#breadcrumb"},"inLanguage":"en-US","potentialAction":[{"@type":"ReadAction","target":["https:\/\/skyterra.com.ar\/?page_id=2014"]}]},{"@type":"BreadcrumbList","@id":"https:\/\/skyterra.com.ar\/?page_id=2014#breadcrumb","itemListElement":[{"@type":"ListItem","position":1,"name":"Inicio","item":"https:\/\/skyterra.com.ar\/"},{"@type":"ListItem","position":2,"name":"Contacto"}]},{"@type":"WebSite","@id":"https:\/\/skyterra.com.ar\/#website","url":"https:\/\/skyterra.com.ar\/","name":"Skyterra","description":"Arquitectura + Construcci\u00f3n","potentialAction":[{"@type":"SearchAction","target":{"@type":"EntryPoint","urlTemplate":"https:\/\/skyterra.com.ar\/?s={search_term_string}"},"query-input":{"@type":"PropertyValueSpecification","valueRequired":true,"valueName":"search_term_string"}}],"inLanguage":"en-US"}]}},"_links":{"self":[{"href":"https:\/\/skyterra.com.ar\/index.php?rest_route=\/wp\/v2\/pages\/2014","targetHints":{"allow":["GET"]}}],"collection":[{"href":"https:\/\/skyterra.com.ar\/index.php?rest_route=\/wp\/v2\/pages"}],"about":[{"href":"https:\/\/skyterra.com.ar\/index.php?rest_route=\/wp\/v2\/types\/page"}],"author":[{"embeddable":true,"href":"https:\/\/skyterra.com.ar\/index.php?rest_route=\/wp\/v2\/users\/2"}],"replies":[{"embeddable":true,"href":"https:\/\/skyterra.com.ar\/index.php?rest_route=%2Fwp%2Fv2%2Fcomments&post=2014"}],"version-history":[{"count":183,"href":"https:\/\/skyterra.com.ar\/index.php?rest_route=\/wp\/v2\/pages\/2014\/revisions"}],"predecessor-version":[{"id":8412,"href":"https:\/\/skyterra.com.ar\/index.php?rest_route=\/wp\/v2\/pages\/2014\/revisions\/8412"}],"wp:attachment":[{"href":"https:\/\/skyterra.com.ar\/index.php?rest_route=%2Fwp%2Fv2%2Fmedia&parent=2014"}],"curies":[{"name":"wp","href":"https:\/\/api.w.org\/{rel}","templated":true}]}}